{"id":227,"date":"2025-12-12T09:01:28","date_gmt":"2025-12-12T09:01:28","guid":{"rendered":"https:\/\/nutricionistagb.com.br\/temp\/?page_id=227"},"modified":"2025-12-12T11:54:34","modified_gmt":"2025-12-12T11:54:34","slug":"agende-uma-consulta","status":"publish","type":"page","link":"https:\/\/nutricionistagb.com.br\/temp\/agende-uma-consulta\/","title":{"rendered":"Agende uma consulta"},"content":{"rendered":"\t\t<div data-elementor-type=\"wp-page\" data-elementor-id=\"227\" class=\"elementor elementor-227\" data-elementor-post-type=\"page\">\n\t\t\t\t<div class=\"elementor-element elementor-element-5e0d1a6f e-flex e-con-boxed e-con e-parent\" data-id=\"5e0d1a6f\" data-element_type=\"container\">\n\t\t\t\t\t<div class=\"e-con-inner\">\n\t\t<div class=\"elementor-element elementor-element-9113b7b e-con-full e-flex e-con e-child\" data-id=\"9113b7b\" data-element_type=\"container\">\n\t\t\t\t<div class=\"elementor-element elementor-element-5fd6b28 elementor-widget elementor-widget-heading\" data-id=\"5fd6b28\" data-element_type=\"widget\" data-widget_type=\"heading.default\">\n\t\t\t\t\t<h1 class=\"elementor-heading-title elementor-size-default\">Agende uma consulta online<\/h1>\t\t\t\t<\/div>\n\t\t\t\t<div class=\"elementor-element elementor-element-62183e7 elementor-widget elementor-widget-heading\" data-id=\"62183e7\" data-element_type=\"widget\" data-widget_type=\"heading.default\">\n\t\t\t\t\t<h2 class=\"elementor-heading-title elementor-size-default\">Eu te ajudo a ter uma melhor rela\u00e7\u00e3o com a comida, de maneira sustent\u00e1vel e duradoura<\/h2>\t\t\t\t<\/div>\n\t\t\t\t<div class=\"elementor-element elementor-element-14f3141 elementor-hidden-mobile elementor-widget elementor-widget-text-editor\" data-id=\"14f3141\" data-element_type=\"widget\" data-widget_type=\"text-editor.default\">\n\t\t\t\t\t\t\t\t\t<h3 style=\"font-size: 20px;\">\n<span style=\"color: #ff590f; font-weight: bold;\">01.<\/span>\n<span style=\"text-decoration: underline;\">Confira a pr\u00f3xima data dispon\u00edvel no calend\u00e1rio<\/span><\/h3>\t\t\t\t\t\t\t\t<\/div>\n\t\t\t\t<div class=\"elementor-element elementor-element-7c53295 elementor-hidden-desktop elementor-hidden-tablet elementor-widget elementor-widget-text-editor\" data-id=\"7c53295\" data-element_type=\"widget\" data-widget_type=\"text-editor.default\">\n\t\t\t\t\t\t\t\t\t<h3 style=\"font-size: 16px;\">\n<span style=\"color: #ff590f; font-weight: bold;\">01.<\/span>\n<span style=\"text-decoration: underline;\">Confira a pr\u00f3xima data dispon\u00edvel no calend\u00e1rio<\/span><\/h3>\t\t\t\t\t\t\t\t<\/div>\n\t\t\t\t<div class=\"elementor-element elementor-element-4901078 elementor-hidden-mobile elementor-widget elementor-widget-text-editor\" data-id=\"4901078\" data-element_type=\"widget\" data-widget_type=\"text-editor.default\">\n\t\t\t\t\t\t\t\t\t<h3 style=\"font-size: 20px;\">\n<span style=\"color: #ff590f; font-weight: bold;\">02.<\/span>\n<span style=\"text-decoration: underline;\">Fa\u00e7a o seu agendamento para reservar a data<\/span><\/h3>\t\t\t\t\t\t\t\t<\/div>\n\t\t\t\t<div class=\"elementor-element elementor-element-c1fb650 elementor-hidden-desktop elementor-hidden-tablet elementor-widget elementor-widget-text-editor\" data-id=\"c1fb650\" data-element_type=\"widget\" data-widget_type=\"text-editor.default\">\n\t\t\t\t\t\t\t\t\t<h3 style=\"font-size: 16px;\">\n<span style=\"color: #ff590f; font-weight: bold;\">02.<\/span>\n<span style=\"text-decoration: underline;\">Fa\u00e7a o seu agendamento para reservar a data<\/span><\/h3>\t\t\t\t\t\t\t\t<\/div>\n\t\t\t\t<div class=\"elementor-element elementor-element-44782a5 elementor-hidden-mobile elementor-widget elementor-widget-text-editor\" data-id=\"44782a5\" data-element_type=\"widget\" data-widget_type=\"text-editor.default\">\n\t\t\t\t\t\t\t\t\t<h3 style=\"font-size: 20px;\">\n<span style=\"color: #ff590f; font-weight: bold;\">03.<\/span>\n<span style=\"text-decoration: underline;\">Agora \u00e9 s\u00f3 esperar a confirma\u00e7\u00e3o no seu WhatsApp<\/span><\/h3>\t\t\t\t\t\t\t\t<\/div>\n\t\t\t\t<div class=\"elementor-element elementor-element-8de9c24 elementor-hidden-desktop elementor-hidden-tablet elementor-widget elementor-widget-text-editor\" data-id=\"8de9c24\" data-element_type=\"widget\" data-widget_type=\"text-editor.default\">\n\t\t\t\t\t\t\t\t\t<h3 style=\"font-size: 16px;\">\n<span style=\"color: #ff590f; font-weight: bold;\">03.<\/span>\n<span style=\"text-decoration: underline;\">Agora \u00e9 s\u00f3 esperar a confirma\u00e7\u00e3o no seu WhatsApp<\/span><\/h3>\t\t\t\t\t\t\t\t<\/div>\n\t\t\t\t<\/div>\n\t\t<div class=\"elementor-element elementor-element-2e72cd08 e-con-full e-flex e-con e-child\" data-id=\"2e72cd08\" data-element_type=\"container\">\n\t\t\t\t<div class=\"elementor-element elementor-element-20df68b elementor-widget elementor-widget-html\" data-id=\"20df68b\" data-element_type=\"widget\" data-widget_type=\"html.default\">\n\t\t\t\t\t<!-- Widget em linha do Calendly - in\u00edcio -->\n<div class=\"calendly-inline-widget\" data-url=\"https:\/\/calendly.com\/falecomnutricionistagb\/consulta\" style=\"min-width:320px;height:700px;\"><\/div>\n<script type=\"text\/javascript\" src=\"https:\/\/assets.calendly.com\/assets\/external\/widget.js\" async><\/script>\n<!-- Widget em linha do Calendly - fim -->\t\t\t\t<\/div>\n\t\t\t\t<\/div>\n\t\t\t\t\t<\/div>\n\t\t\t\t<\/div>\n\t\t\t\t<\/div>\n\t\t","protected":false},"excerpt":{"rendered":"<p>Agende uma consulta online Eu te ajudo a ter uma melhor rela\u00e7\u00e3o com a comida, de maneira sustent\u00e1vel e duradoura 01. Confira a pr\u00f3xima data dispon\u00edvel no calend\u00e1rio 01. Confira a pr\u00f3xima data dispon\u00edvel no calend\u00e1rio 02. Fa\u00e7a o seu agendamento para reservar a data 02. Fa\u00e7a o seu agendamento para reservar a data 03. [&hellip;]<\/p>\n","protected":false},"author":1,"featured_media":0,"parent":0,"menu_order":0,"comment_status":"closed","ping_status":"closed","template":"elementor_header_footer","meta":{"footnotes":""},"class_list":["post-227","page","type-page","status-publish","hentry"],"_links":{"self":[{"href":"https:\/\/nutricionistagb.com.br\/temp\/wp-json\/wp\/v2\/pages\/227","targetHints":{"allow":["GET"]}}],"collection":[{"href":"https:\/\/nutricionistagb.com.br\/temp\/wp-json\/wp\/v2\/pages"}],"about":[{"href":"https:\/\/nutricionistagb.com.br\/temp\/wp-json\/wp\/v2\/types\/page"}],"author":[{"embeddable":true,"href":"https:\/\/nutricionistagb.com.br\/temp\/wp-json\/wp\/v2\/users\/1"}],"replies":[{"embeddable":true,"href":"https:\/\/nutricionistagb.com.br\/temp\/wp-json\/wp\/v2\/comments?post=227"}],"version-history":[{"count":37,"href":"https:\/\/nutricionistagb.com.br\/temp\/wp-json\/wp\/v2\/pages\/227\/revisions"}],"predecessor-version":[{"id":435,"href":"https:\/\/nutricionistagb.com.br\/temp\/wp-json\/wp\/v2\/pages\/227\/revisions\/435"}],"wp:attachment":[{"href":"https:\/\/nutricionistagb.com.br\/temp\/wp-json\/wp\/v2\/media?parent=227"}],"curies":[{"name":"wp","href":"https:\/\/api.w.org\/{rel}","templated":true}]}}