{"id":21,"date":"2025-11-05T18:00:36","date_gmt":"2025-11-05T18:00:36","guid":{"rendered":"https:\/\/nutricionistagb.com.br\/temp\/?page_id=21"},"modified":"2025-12-16T18:58:36","modified_gmt":"2025-12-16T18:58:36","slug":"home","status":"publish","type":"page","link":"https:\/\/nutricionistagb.com.br\/temp\/","title":{"rendered":"Home"},"content":{"rendered":"\t\t<div data-elementor-type=\"wp-page\" data-elementor-id=\"21\" class=\"elementor elementor-21\" data-elementor-post-type=\"page\">\n\t\t\t\t<div class=\"elementor-element elementor-element-7aba929 e-flex e-con-boxed e-con e-parent\" data-id=\"7aba929\" data-element_type=\"container\" data-settings=\"{&quot;background_background&quot;:&quot;classic&quot;}\">\n\t\t\t\t\t<div class=\"e-con-inner\">\n\t\t<div class=\"elementor-element elementor-element-dd764c8 e-con-full elementor-hidden-mobile e-flex e-con e-child\" data-id=\"dd764c8\" data-element_type=\"container\">\n\t\t\t\t<\/div>\n\t\t<div class=\"elementor-element elementor-element-d4b228e e-con-full e-flex e-con e-child\" data-id=\"d4b228e\" data-element_type=\"container\">\n\t\t\t\t<div class=\"elementor-element elementor-element-19fadf1 elementor-widget elementor-widget-heading\" data-id=\"19fadf1\" data-element_type=\"widget\" data-widget_type=\"heading.default\">\n\t\t\t\t\t<h1 class=\"elementor-heading-title elementor-size-default\">Voc\u00ea \u00e9 muito mais do que o que voc\u00ea come.<\/h1>\t\t\t\t<\/div>\n\t\t\t\t<div class=\"elementor-element elementor-element-ddfa3e8 elementor-widget elementor-widget-heading\" data-id=\"ddfa3e8\" data-element_type=\"widget\" data-widget_type=\"heading.default\">\n\t\t\t\t\t<h2 class=\"elementor-heading-title elementor-size-default\">Nutri\u00e7\u00e3o com uma abordagem sem dietas.<\/h2>\t\t\t\t<\/div>\n\t\t\t\t<div class=\"elementor-element elementor-element-f1796f3 elementor-widget elementor-widget-text-editor\" data-id=\"f1796f3\" data-element_type=\"widget\" data-widget_type=\"text-editor.default\">\n\t\t\t\t\t\t\t\t\t<p>Meu trabalho como nutricionista consiste em criar uma nova consci\u00eancia sobre sua alimenta\u00e7\u00e3o, quebrando o ciclo do auto \u00f3dio e mostrando que existem maneiras mais justas e felizes de voc\u00ea se conectar e nutrir seu pr\u00f3prio corpo.<\/p>\t\t\t\t\t\t\t\t<\/div>\n\t\t\t\t<div class=\"elementor-element elementor-element-aa9583b elementor-widget elementor-widget-button\" data-id=\"aa9583b\" data-element_type=\"widget\" data-widget_type=\"button.default\">\n\t\t\t\t\t\t\t\t\t\t<a class=\"elementor-button elementor-button-link elementor-size-sm\" href=\"\/temp\/agende-uma-consulta\/\">\n\t\t\t\t\t\t<span class=\"elementor-button-content-wrapper\">\n\t\t\t\t\t\t\t\t\t<span class=\"elementor-button-text\">Agende uma consulta<\/span>\n\t\t\t\t\t<\/span>\n\t\t\t\t\t<\/a>\n\t\t\t\t\t\t\t\t<\/div>\n\t\t\t\t<\/div>\n\t\t\t\t\t<\/div>\n\t\t\t\t<\/div>\n\t\t<div class=\"elementor-element elementor-element-e5e4a4b e-flex e-con-boxed e-con e-parent\" data-id=\"e5e4a4b\" data-element_type=\"container\">\n\t\t\t\t\t<div class=\"e-con-inner\">\n\t\t\t\t<div class=\"elementor-element elementor-element-74c682a elementor-widget elementor-widget-heading\" data-id=\"74c682a\" data-element_type=\"widget\" data-widget_type=\"heading.default\">\n\t\t\t\t\t<h2 class=\"elementor-heading-title elementor-size-default\">Dietas geralmente come\u00e7am bem e terminam mal. Quebre esse ciclo vicioso.<\/h2>\t\t\t\t<\/div>\n\t\t\t\t\t<\/div>\n\t\t\t\t<\/div>\n\t\t<div class=\"elementor-element elementor-element-14e73b7 e-flex e-con-boxed e-con e-parent\" data-id=\"14e73b7\" data-element_type=\"container\">\n\t\t\t\t\t<div class=\"e-con-inner\">\n\t\t<div class=\"elementor-element elementor-element-b924447 e-con-full e-flex e-con e-child\" data-id=\"b924447\" data-element_type=\"container\">\n\t\t\t\t<div class=\"elementor-element elementor-element-8db3a22 elementor-widget elementor-widget-image\" data-id=\"8db3a22\" data-element_type=\"widget\" data-widget_type=\"image.default\">\n\t\t\t\t\t\t\t\t\t\t\t\t\t\t\t<img fetchpriority=\"high\" decoding=\"async\" width=\"800\" height=\"836\" src=\"https:\/\/nutricionistagb.com.br\/temp\/wp-content\/uploads\/2025\/12\/perfil-gb-e1765910229582-980x1024.png\" class=\"attachment-large size-large wp-image-472\" alt=\"\" srcset=\"https:\/\/nutricionistagb.com.br\/temp\/wp-content\/uploads\/2025\/12\/perfil-gb-e1765910229582-980x1024.png 980w, https:\/\/nutricionistagb.com.br\/temp\/wp-content\/uploads\/2025\/12\/perfil-gb-e1765910229582-287x300.png 287w, https:\/\/nutricionistagb.com.br\/temp\/wp-content\/uploads\/2025\/12\/perfil-gb-e1765910229582-768x803.png 768w, https:\/\/nutricionistagb.com.br\/temp\/wp-content\/uploads\/2025\/12\/perfil-gb-e1765910229582.png 1043w\" sizes=\"(max-width: 800px) 100vw, 800px\" \/>\t\t\t\t\t\t\t\t\t\t\t\t\t\t\t<\/div>\n\t\t\t\t<\/div>\n\t\t<div class=\"elementor-element elementor-element-835f8e5 e-con-full e-flex e-con e-child\" data-id=\"835f8e5\" data-element_type=\"container\">\n\t\t\t\t<div class=\"elementor-element elementor-element-34bf170 elementor-widget elementor-widget-heading\" data-id=\"34bf170\" data-element_type=\"widget\" data-widget_type=\"heading.default\">\n\t\t\t\t\t<h3 class=\"elementor-heading-title elementor-size-default\">Como a abordagem que eu escolhi pode te ajudar a sair desse ciclo:<\/h3>\t\t\t\t<\/div>\n\t\t\t\t<div class=\"elementor-element elementor-element-543ba51 elementor-widget elementor-widget-text-editor\" data-id=\"543ba51\" data-element_type=\"widget\" data-widget_type=\"text-editor.default\">\n\t\t\t\t\t\t\t\t\t<h3 style=\"font-size: 20px;\">\n<span style=\"color: #ff590f; font-weight: bold;\">01.<\/span>\n<span style=\"text-decoration: underline;\">Sa\u00fade que se sustenta<\/span><\/h3>\t\t\t\t\t\t\t\t<\/div>\n\t\t\t\t<div class=\"elementor-element elementor-element-17b9a25 elementor-widget elementor-widget-text-editor\" data-id=\"17b9a25\" data-element_type=\"widget\" data-widget_type=\"text-editor.default\">\n\t\t\t\t\t\t\t\t\t<p>A abordagem \u00e9 focada em comportamentos e em resultados duradouros.<\/p>\t\t\t\t\t\t\t\t<\/div>\n\t\t\t\t<div class=\"elementor-element elementor-element-99e5db4 elementor-widget elementor-widget-text-editor\" data-id=\"99e5db4\" data-element_type=\"widget\" data-widget_type=\"text-editor.default\">\n\t\t\t\t\t\t\t\t\t<h3 style=\"font-size: 20px;\">\n<span style=\"color: #ff590f; font-weight: bold;\">02.<\/span>\n<span style=\"text-decoration: underline;\">Mais autonomia<\/span><\/h3>\t\t\t\t\t\t\t\t<\/div>\n\t\t\t\t<div class=\"elementor-element elementor-element-6b614ea elementor-widget elementor-widget-text-editor\" data-id=\"6b614ea\" data-element_type=\"widget\" data-widget_type=\"text-editor.default\">\n\t\t\t\t\t\t\t\t\t<p>Aprofunde sua rela\u00e7\u00e3o com a comida e com o seu corpo. Respeitando sua individualidade voc\u00ea pode tomar decis\u00f5es melhores.<\/p>\t\t\t\t\t\t\t\t<\/div>\n\t\t\t\t<div class=\"elementor-element elementor-element-61b076f elementor-widget elementor-widget-text-editor\" data-id=\"61b076f\" data-element_type=\"widget\" data-widget_type=\"text-editor.default\">\n\t\t\t\t\t\t\t\t\t<h3 style=\"font-size: 20px;\">\n<span style=\"color: #ff590f; font-weight: bold;\">03.<\/span>\n<span style=\"text-decoration: underline;\">Nutri\u00e7\u00e3o gentil<\/span><\/h3>\t\t\t\t\t\t\t\t<\/div>\n\t\t\t\t<div class=\"elementor-element elementor-element-2541a60 elementor-widget elementor-widget-text-editor\" data-id=\"2541a60\" data-element_type=\"widget\" data-widget_type=\"text-editor.default\">\n\t\t\t\t\t\t\t\t\t<p>Sua rela\u00e7\u00e3o com a comida pode ser mais leve. \u00c0s vezes \u00e9 a dieta que falha com voc\u00ea, e n\u00e3o voc\u00ea com ela.<\/p>\t\t\t\t\t\t\t\t<\/div>\n\t\t\t\t<\/div>\n\t\t\t\t\t<\/div>\n\t\t\t\t<\/div>\n\t\t<div class=\"elementor-element elementor-element-2058889 e-flex e-con-boxed e-con e-parent\" data-id=\"2058889\" data-element_type=\"container\" data-settings=\"{&quot;background_background&quot;:&quot;classic&quot;}\">\n\t\t\t\t\t<div class=\"e-con-inner\">\n\t\t<div class=\"elementor-element elementor-element-3cd0282 e-con-full e-flex e-con e-child\" data-id=\"3cd0282\" data-element_type=\"container\">\n\t\t\t\t<div class=\"elementor-element elementor-element-2392c07 elementor-widget__width-initial elementor-widget elementor-widget-heading\" data-id=\"2392c07\" data-element_type=\"widget\" data-widget_type=\"heading.default\">\n\t\t\t\t\t<h2 class=\"elementor-heading-title elementor-size-default\">Depoimentos<\/h2>\t\t\t\t<\/div>\n\t\t\t\t<div class=\"elementor-element elementor-element-1934080 elementor-widget elementor-widget-heading\" data-id=\"1934080\" data-element_type=\"widget\" data-widget_type=\"heading.default\">\n\t\t\t\t\t<h1 class=\"elementor-heading-title elementor-size-default\">Pessoas impactadas<\/h1>\t\t\t\t<\/div>\n\t\t\t\t<\/div>\n\t\t\t\t\t<\/div>\n\t\t\t\t<\/div>\n\t\t<div class=\"elementor-element elementor-element-4f5754b e-flex e-con-boxed e-con e-parent\" data-id=\"4f5754b\" data-element_type=\"container\" data-settings=\"{&quot;background_background&quot;:&quot;classic&quot;}\">\n\t\t\t\t\t<div class=\"e-con-inner\">\n\t\t\t\t<div class=\"elementor-element elementor-element-490ffc9 elementor-testimonial--skin-bubble elementor-testimonial--layout-image_inline elementor-testimonial--align-center elementor-arrows-yes elementor-pagination-type-bullets elementor-widget elementor-widget-testimonial-carousel\" data-id=\"490ffc9\" data-element_type=\"widget\" data-settings=\"{&quot;slides_per_view&quot;:&quot;3&quot;,&quot;show_arrows&quot;:&quot;yes&quot;,&quot;pagination&quot;:&quot;bullets&quot;,&quot;speed&quot;:500,&quot;autoplay&quot;:&quot;yes&quot;,&quot;autoplay_speed&quot;:5000,&quot;loop&quot;:&quot;yes&quot;,&quot;pause_on_hover&quot;:&quot;yes&quot;,&quot;pause_on_interaction&quot;:&quot;yes&quot;,&quot;space_between&quot;:{&quot;unit&quot;:&quot;px&quot;,&quot;size&quot;:10,&quot;sizes&quot;:[]},&quot;space_between_tablet&quot;:{&quot;unit&quot;:&quot;px&quot;,&quot;size&quot;:10,&quot;sizes&quot;:[]},&quot;space_between_mobile&quot;:{&quot;unit&quot;:&quot;px&quot;,&quot;size&quot;:10,&quot;sizes&quot;:[]}}\" data-widget_type=\"testimonial-carousel.default\">\n\t\t\t\t\t\t\t\t\t\t<div class=\"elementor-main-swiper swiper\" role=\"region\" aria-roledescription=\"carousel\" aria-label=\"Slides\">\n\t\t\t\t<div class=\"swiper-wrapper\">\n\t\t\t\t\t\t\t\t\t\t\t<div class=\"swiper-slide\" role=\"group\" aria-roledescription=\"slide\">\n\t\t\t\t\t\t\t\t\t<div class=\"elementor-testimonial\">\n\t\t\t\t\t\t\t<div class=\"elementor-testimonial__content\">\n\t\t\t\t\t<div class=\"elementor-testimonial__text\">\n\t\t\t\t\t\tQuando iniciamos em 2024 eu estava com 69kg e focada em lidar com a minha compuls\u00e3o alimentar sem pressa, manter uma rotina de exerc\u00edcios constante e focar na minha sa\u00fade!\n\nE nesse tempo j\u00e1 mudei de pa\u00eds, viajei e passei por v\u00e1rios momentos que poderia ter tido certas \"reca\u00eddas\" na minha compuls\u00e3o. Mas suas t\u00e9cnicas foram incr\u00edveis e muito sustent\u00e1veis pra todos os momentos.\nHoje em dia t\u00f4 com 56kg, super saud\u00e1vel, com exames em dia e sem culpa ou compuls\u00e3o pra comer pq sigo nos exerc\u00edcios.\nMuito muito obrigada pelo seu trabalho, mudou muito a minha vida e n\u00e3o teria sido poss\u00edvel sem voc\u00ea \u2764\ufe0f\u2764\ufe0f\t\t\t\t\t<\/div>\n\t\t\t\t\t\t\t\t\t<\/div>\n\t\t\t\t\t\t<div class=\"elementor-testimonial__footer\">\n\t\t\t\t\t\t\t\t\t<div class=\"elementor-testimonial__image\">\n\t\t\t\t\t\t<img decoding=\"async\" src=\"https:\/\/nutricionistagb.com.br\/temp\/wp-content\/uploads\/2025\/12\/barbara-150x150.jpeg\" alt=\"B\u00e1rbara\">\n\t\t\t\t\t\t\t\t\t\t\t<\/div>\n\t\t\t\t\t\t\t\t<cite class=\"elementor-testimonial__cite\"><span class=\"elementor-testimonial__name\">B\u00e1rbara<\/span><\/cite>\t\t\t<\/div>\n\t\t<\/div>\n\t\t\t\t\t\t\t\t<\/div>\n\t\t\t\t\t\t\t\t\t\t\t<div class=\"swiper-slide\" role=\"group\" aria-roledescription=\"slide\">\n\t\t\t\t\t\t\t\t\t<div class=\"elementor-testimonial\">\n\t\t\t\t\t\t\t<div class=\"elementor-testimonial__content\">\n\t\t\t\t\t<div class=\"elementor-testimonial__text\">\n\t\t\t\t\t\tO trabalho feito pela Gabriela me mostrou que a reeduca\u00e7\u00e3o alimentar pode ser mais leve e totalmente diferente da linha restritiva tradicional. O processo me ajudou a estar presente na hora da alimenta\u00e7\u00e3o e percer o que conv\u00e9m ou n\u00e3o para o meu corpo em determinado momento. O acompanhamento me ajudou a entender os processos que se passam no meu corpo e como o descontrole alimentar est\u00e1 ligado aos meus sentimentos. A m\u00e1 rela\u00e7\u00e3o com a comida se vem se transformando em algo leve e prazeroso. Sou extremamente grato pelo trabalho e pelo carinho nesse processo que revelou que posso viver em paz com a minha aliment\u00e3o e mais que isso, em paz com meu corpo. Isso n\u00e3o tem pre\u00e7o.\t\t\t\t\t<\/div>\n\t\t\t\t\t\t\t\t\t<\/div>\n\t\t\t\t\t\t<div class=\"elementor-testimonial__footer\">\n\t\t\t\t\t\t\t\t\t<div class=\"elementor-testimonial__image\">\n\t\t\t\t\t\t<img decoding=\"async\" src=\"https:\/\/nutricionistagb.com.br\/temp\/wp-content\/uploads\/2025\/12\/vinicius-150x150.png\" alt=\"Vin\u00edcius\">\n\t\t\t\t\t\t\t\t\t\t\t<\/div>\n\t\t\t\t\t\t\t\t<cite class=\"elementor-testimonial__cite\"><span class=\"elementor-testimonial__name\">Vin\u00edcius<\/span><\/cite>\t\t\t<\/div>\n\t\t<\/div>\n\t\t\t\t\t\t\t\t<\/div>\n\t\t\t\t\t\t\t\t\t\t\t<div class=\"swiper-slide\" role=\"group\" aria-roledescription=\"slide\">\n\t\t\t\t\t\t\t\t\t<div class=\"elementor-testimonial\">\n\t\t\t\t\t\t\t<div class=\"elementor-testimonial__content\">\n\t\t\t\t\t<div class=\"elementor-testimonial__text\">\n\t\t\t\t\t\tFazer o acompanhamento com a Gabi, foi como come\u00e7ar usar um \u00f3culos. \u00c9 entender e olhar com carinho para o corpo e para a comida. Al\u00e9m disso \u00e9 poder escolher o que comer, n\u00e3o por uma quest\u00e3o de moda, est\u00e9tica, ou de dieta. Mas sim, compreendendo porque, como, onde e quais s\u00e3o os benef\u00edcios gerais e quais s\u00e3o os benef\u00edcios daquele alimento diretamente no seu corpo e humor. A Gabi al\u00e9m de ser uma profissional incr\u00edvel ,\u00e9 uma pessoa incr\u00edvel. Ela vibra com suas conquistas e te acolhe em momentos dif\u00edceis. Acredito que ela e o processo de acompanhamento dela, \u00e9 como um olhar para seu corpo e da sua refei\u00e7\u00e3o, mas tamb\u00e9m al\u00e9m, enxergando as pessoas e n\u00e3o somente os pacientes.\t\t\t\t\t<\/div>\n\t\t\t\t\t\t\t\t\t<\/div>\n\t\t\t\t\t\t<div class=\"elementor-testimonial__footer\">\n\t\t\t\t\t\t\t\t\t<div class=\"elementor-testimonial__image\">\n\t\t\t\t\t\t<img decoding=\"async\" src=\"https:\/\/nutricionistagb.com.br\/temp\/wp-content\/uploads\/2025\/12\/giulia-150x150.png\" alt=\"Giulia\">\n\t\t\t\t\t\t\t\t\t\t\t<\/div>\n\t\t\t\t\t\t\t\t<cite class=\"elementor-testimonial__cite\"><span class=\"elementor-testimonial__name\">Giulia<\/span><\/cite>\t\t\t<\/div>\n\t\t<\/div>\n\t\t\t\t\t\t\t\t<\/div>\n\t\t\t\t\t\t\t\t\t\t\t<div class=\"swiper-slide\" role=\"group\" aria-roledescription=\"slide\">\n\t\t\t\t\t\t\t\t\t<div class=\"elementor-testimonial\">\n\t\t\t\t\t\t\t<div class=\"elementor-testimonial__content\">\n\t\t\t\t\t<div class=\"elementor-testimonial__text\">\n\t\t\t\t\t\t\u00c9 a primeira vez que me sinto realmente ouvida em um acompanhamento com nutricionista. Percebo que h\u00e1 uma preocupa\u00e7\u00e3o genu\u00edna com o meu bem-estar, com meu processo como um todo, inclusive emocional, sem press\u00e3o, sem rigidez. Em cada consulta, aprendo mais sobre mim e sobre os alimentos, e isso tem feito toda a diferen\u00e7a.\n\nA Gabriela foi a \u00fanica profissional que identificou uma quest\u00e3o nos meus exames, quando ningu\u00e9m tinha notado antes, e isso est\u00e1 me ajudando a cuidar de mim com mais aten\u00e7\u00e3o.\n\nSou muito grata por todo esse processo, que tem transformado minha rela\u00e7\u00e3o com a alimenta\u00e7\u00e3o de um jeito leve e consciente. \u2764\ufe0f\t\t\t\t\t<\/div>\n\t\t\t\t\t\t\t\t\t<\/div>\n\t\t\t\t\t\t<div class=\"elementor-testimonial__footer\">\n\t\t\t\t\t\t\t\t\t<div class=\"elementor-testimonial__image\">\n\t\t\t\t\t\t<img decoding=\"async\" src=\"https:\/\/nutricionistagb.com.br\/temp\/wp-content\/uploads\/2025\/12\/brenda-150x150.jpeg\" alt=\"Brenda\">\n\t\t\t\t\t\t\t\t\t\t\t<\/div>\n\t\t\t\t\t\t\t\t<cite class=\"elementor-testimonial__cite\"><span class=\"elementor-testimonial__name\">Brenda<\/span><\/cite>\t\t\t<\/div>\n\t\t<\/div>\n\t\t\t\t\t\t\t\t<\/div>\n\t\t\t\t\t\t\t\t\t\t\t<div class=\"swiper-slide\" role=\"group\" aria-roledescription=\"slide\">\n\t\t\t\t\t\t\t\t\t<div class=\"elementor-testimonial\">\n\t\t\t\t\t\t\t<div class=\"elementor-testimonial__content\">\n\t\t\t\t\t<div class=\"elementor-testimonial__text\">\n\t\t\t\t\t\t\u00c9 um processo lento, \u00e0s vezes doloroso, abrir m\u00e3o do que voc\u00ea fez a vida toda. \u00c9 dif\u00edcil reconhecer e honrar os sinais de fome e saciedade, decidir sozinha o que comer, quando comer e prestar aten\u00e7\u00e3o no que sente ao comer. Ao colocar em pr\u00e1tica os exerc\u00edcios e conversas nas consultas, parei de sentir fome, de engordar, de comer alucinadamente as coisas que eu gosto, de me culpar por comer o que eu gosto, de dividir os alimentos em bons e ruins, de me odiar e de me culpar por ter engordado. Enfim, parei de me sentir a pior pessoa do mundo, mais fracassada e sem for\u00e7a de vontade. E me senti leve. Come\u00e7ei a ter um olhar mais carinhoso para mim e meu pr\u00f3prio corpo.\t\t\t\t\t<\/div>\n\t\t\t\t\t\t\t\t\t<\/div>\n\t\t\t\t\t\t<div class=\"elementor-testimonial__footer\">\n\t\t\t\t\t\t\t\t\t<div class=\"elementor-testimonial__image\">\n\t\t\t\t\t\t<img decoding=\"async\" src=\"https:\/\/nutricionistagb.com.br\/temp\/wp-content\/uploads\/2025\/12\/natalia-150x150.png\" alt=\"Nat\u00e1lia\">\n\t\t\t\t\t\t\t\t\t\t\t<\/div>\n\t\t\t\t\t\t\t\t<cite class=\"elementor-testimonial__cite\"><span class=\"elementor-testimonial__name\">Nat\u00e1lia<\/span><\/cite>\t\t\t<\/div>\n\t\t<\/div>\n\t\t\t\t\t\t\t\t<\/div>\n\t\t\t\t\t\t\t\t\t<\/div>\n\t\t\t\t\t\t\t\t\t\t\t\t\t\t\t<div class=\"elementor-swiper-button elementor-swiper-button-prev\" role=\"button\" tabindex=\"0\" aria-label=\"Previous\">\n\t\t\t\t\t\t\t<svg aria-hidden=\"true\" class=\"e-font-icon-svg e-eicon-chevron-left\" viewBox=\"0 0 1000 1000\" xmlns=\"http:\/\/www.w3.org\/2000\/svg\"><path d=\"M646 125C629 125 613 133 604 142L308 442C296 454 292 471 292 487 292 504 296 521 308 533L604 854C617 867 629 875 646 875 663 875 679 871 692 858 704 846 713 829 713 812 713 796 708 779 692 767L438 487 692 225C700 217 708 204 708 187 708 171 704 154 692 142 675 129 663 125 646 125Z\"><\/path><\/svg>\t\t\t\t\t\t<\/div>\n\t\t\t\t\t\t<div class=\"elementor-swiper-button elementor-swiper-button-next\" role=\"button\" tabindex=\"0\" aria-label=\"Next\">\n\t\t\t\t\t\t\t<svg aria-hidden=\"true\" class=\"e-font-icon-svg e-eicon-chevron-right\" viewBox=\"0 0 1000 1000\" xmlns=\"http:\/\/www.w3.org\/2000\/svg\"><path d=\"M696 533C708 521 713 504 713 487 713 471 708 454 696 446L400 146C388 133 375 125 354 125 338 125 325 129 313 142 300 154 292 171 292 187 292 204 296 221 308 233L563 492 304 771C292 783 288 800 288 817 288 833 296 850 308 863 321 871 338 875 354 875 371 875 388 867 400 854L696 533Z\"><\/path><\/svg>\t\t\t\t\t\t<\/div>\n\t\t\t\t\t\t\t\t\t\t\t\t\t\t\t\t<div class=\"swiper-pagination\"><\/div>\n\t\t\t\t\t\t\t\t\t\t\t\t<\/div>\n\t\t\t\t\t\t\t\t<\/div>\n\t\t\t\t\t<\/div>\n\t\t\t\t<\/div>\n\t\t<div class=\"elementor-element elementor-element-74ee72d e-flex e-con-boxed e-con e-parent\" data-id=\"74ee72d\" data-element_type=\"container\">\n\t\t\t\t\t<div class=\"e-con-inner\">\n\t\t<div class=\"elementor-element elementor-element-1bab676 e-con-full e-flex e-con e-child\" data-id=\"1bab676\" data-element_type=\"container\">\n\t\t\t\t<div class=\"elementor-element elementor-element-324658d elementor-widget elementor-widget-image\" data-id=\"324658d\" data-element_type=\"widget\" data-widget_type=\"image.default\">\n\t\t\t\t\t\t\t\t\t\t\t\t\t\t\t<img decoding=\"async\" width=\"800\" height=\"614\" src=\"https:\/\/nutricionistagb.com.br\/temp\/wp-content\/uploads\/2025\/12\/gente-que-come-feliz-1.png\" class=\"attachment-large size-large wp-image-483\" alt=\"\" srcset=\"https:\/\/nutricionistagb.com.br\/temp\/wp-content\/uploads\/2025\/12\/gente-que-come-feliz-1.png 1005w, https:\/\/nutricionistagb.com.br\/temp\/wp-content\/uploads\/2025\/12\/gente-que-come-feliz-1-300x230.png 300w, https:\/\/nutricionistagb.com.br\/temp\/wp-content\/uploads\/2025\/12\/gente-que-come-feliz-1-768x589.png 768w\" sizes=\"(max-width: 800px) 100vw, 800px\" \/>\t\t\t\t\t\t\t\t\t\t\t\t\t\t\t<\/div>\n\t\t\t\t<div class=\"elementor-element elementor-element-2857838 elementor-widget elementor-widget-heading\" data-id=\"2857838\" data-element_type=\"widget\" data-widget_type=\"heading.default\">\n\t\t\t\t\t<h1 class=\"elementor-heading-title elementor-size-default\">Quem \u00e9 a GB e como eu falo com ela?<\/h1>\t\t\t\t<\/div>\n\t\t\t\t<div class=\"elementor-element elementor-element-a5624b1 elementor-widget elementor-widget-text-editor\" data-id=\"a5624b1\" data-element_type=\"widget\" data-widget_type=\"text-editor.default\">\n\t\t\t\t\t\t\t\t\t<p>Sou nutricionista cl\u00ednica, aut\u00f4noma e com foco em nutri\u00e7\u00e3o comportamental. Nas minhas consultas, foco numa abordagem sem dieta, tendo como base um acompanhamento de longo prazo, para que os resultados se sustentem e sejam duradouros.<\/p>\t\t\t\t\t\t\t\t<\/div>\n\t\t\t\t<div class=\"elementor-element elementor-element-06f4c7a elementor-widget elementor-widget-button\" data-id=\"06f4c7a\" data-element_type=\"widget\" data-widget_type=\"button.default\">\n\t\t\t\t\t\t\t\t\t\t<a class=\"elementor-button elementor-button-link elementor-size-sm\" href=\"\/temp\/agende-uma-consulta\/\">\n\t\t\t\t\t\t<span class=\"elementor-button-content-wrapper\">\n\t\t\t\t\t\t\t\t\t<span class=\"elementor-button-text\">Agende uma consulta<\/span>\n\t\t\t\t\t<\/span>\n\t\t\t\t\t<\/a>\n\t\t\t\t\t\t\t\t<\/div>\n\t\t\t\t<\/div>\n\t\t<div class=\"elementor-element elementor-element-8ba289c e-con-full e-flex e-con e-child\" data-id=\"8ba289c\" data-element_type=\"container\">\n\t\t\t\t<div class=\"elementor-element elementor-element-4299f6f elementor-widget elementor-widget-video\" data-id=\"4299f6f\" data-element_type=\"widget\" data-settings=\"{&quot;video_type&quot;:&quot;vimeo&quot;}\" data-widget_type=\"video.default\">\n\t\t\t\t\t\t\t<div class=\"elementor-wrapper elementor-open-inline\">\n\t\t\t<iframe class=\"elementor-video-iframe\" allowfullscreen allow=\"clipboard-write\" title=\"vimeo Video Player\" src=\"https:\/\/player.vimeo.com\/video\/516794607?color&amp;autopause=0&amp;loop=0&amp;muted=0&amp;title=1&amp;portrait=1&amp;byline=1#t=\"><\/iframe>\t\t<\/div>\n\t\t\t\t\t\t<\/div>\n\t\t\t\t<\/div>\n\t\t\t\t\t<\/div>\n\t\t\t\t<\/div>\n\t\t\t\t<\/div>\n\t\t","protected":false},"excerpt":{"rendered":"<p>Voc\u00ea \u00e9 muito mais do que o que voc\u00ea come. Nutri\u00e7\u00e3o com uma abordagem sem dietas. Meu trabalho como nutricionista consiste em criar uma nova consci\u00eancia sobre sua alimenta\u00e7\u00e3o, quebrando o ciclo do auto \u00f3dio e mostrando que existem maneiras mais justas e felizes de voc\u00ea se conectar e nutrir seu pr\u00f3prio corpo. Agende uma [&hellip;]<\/p>\n","protected":false},"author":1,"featured_media":0,"parent":0,"menu_order":0,"comment_status":"closed","ping_status":"closed","template":"elementor_header_footer","meta":{"footnotes":""},"class_list":["post-21","page","type-page","status-publish","hentry"],"_links":{"self":[{"href":"https:\/\/nutricionistagb.com.br\/temp\/wp-json\/wp\/v2\/pages\/21","targetHints":{"allow":["GET"]}}],"collection":[{"href":"https:\/\/nutricionistagb.com.br\/temp\/wp-json\/wp\/v2\/pages"}],"about":[{"href":"https:\/\/nutricionistagb.com.br\/temp\/wp-json\/wp\/v2\/types\/page"}],"author":[{"embeddable":true,"href":"https:\/\/nutricionistagb.com.br\/temp\/wp-json\/wp\/v2\/users\/1"}],"replies":[{"embeddable":true,"href":"https:\/\/nutricionistagb.com.br\/temp\/wp-json\/wp\/v2\/comments?post=21"}],"version-history":[{"count":253,"href":"https:\/\/nutricionistagb.com.br\/temp\/wp-json\/wp\/v2\/pages\/21\/revisions"}],"predecessor-version":[{"id":498,"href":"https:\/\/nutricionistagb.com.br\/temp\/wp-json\/wp\/v2\/pages\/21\/revisions\/498"}],"wp:attachment":[{"href":"https:\/\/nutricionistagb.com.br\/temp\/wp-json\/wp\/v2\/media?parent=21"}],"curies":[{"name":"wp","href":"https:\/\/api.w.org\/{rel}","templated":true}]}}